{"id":586,"date":"2020-08-18T15:19:11","date_gmt":"2020-08-18T18:19:11","guid":{"rendered":"http:\/\/smartfort.com.br\/?post_type=product&#038;p=586"},"modified":"2021-02-05T11:41:59","modified_gmt":"2021-02-05T14:41:59","slug":"cabo-tipo-c-sat-c003","status":"publish","type":"product","link":"https:\/\/loja.femsolucoes.com.br\/?product=cabo-tipo-c-sat-c003","title":{"rendered":"CABO TIPO-C SAT-C003"},"content":{"rendered":"<p>MARCA &#8211;\u00a0SMARTZLA<\/p>\n<p>MODELO &#8211;\u00a0SAT-C003 (2.1A) (1M)<\/p>\n<p>COMPAT\u00cdVEL &#8211; IPHONES (5, 6 ,7, 8,&#8230;)<\/p>\n<p>Porta compat\u00edvel com USB 2.0 \/ Sincroniza\u00e7\u00e3o de dados \/ Carrega o telefone no seu computador \/ Carrega o telefone no carregador USB \/ Tem alta velocidade de transmiss\u00e3o de dados \/ Combine as fun\u00e7\u00f5es de transmiss\u00e3o de dados e carregamento \/ Anti-interfer\u00eancia \/ Compat\u00edvel com qualquer edi\u00e7\u00e3o USB.<\/p>\n<p>01 Cabo USB Iphone &#8211; 2.1A<\/p>\n","protected":false},"excerpt":{"rendered":"<h3>Cabo USB para Iphone &#8211; 2.1A<\/h3>\n<p>Carrega seu celular com seguran\u00e7a e alta velocidade de transmiss\u00e3o de dados e carregamento<\/p>\n<p>Anti-interfer\u00eancia<\/p>\n<p>Compat\u00edvel com qualquer edi\u00e7\u00e3o de USB<\/p>\n<p>&nbsp;<\/p>\n<p>&nbsp;<\/p>\n","protected":false},"featured_media":587,"comment_status":"open","ping_status":"closed","template":"","meta":{"_acf_changed":false,"_joinchat":[]},"product_cat":[19],"product_tag":[],"class_list":{"0":"post-586","1":"product","2":"type-product","3":"status-publish","4":"has-post-thumbnail","6":"product_cat-cabos-adaptadores","8":"first","9":"outofstock","10":"shipping-taxable","11":"product-type-simple"},"acf":[],"yoast_head":"<!-- This site is optimized with the Yoast SEO plugin v24.6 - https:\/\/yoast.com\/wordpress\/plugins\/seo\/ -->\n<title>CABO TIPO-C SAT-C003 - Smart Fort<\/title>\n<meta name=\"robots\" content=\"index, follow, max-snippet:-1, max-image-preview:large, max-video-preview:-1\" \/>\n<link rel=\"canonical\" href=\"https:\/\/loja.femsolucoes.com.br\/?product=cabo-tipo-c-sat-c003\" \/>\n<meta property=\"og:locale\" content=\"pt_BR\" \/>\n<meta property=\"og:type\" content=\"article\" \/>\n<meta property=\"og:title\" content=\"CABO TIPO-C SAT-C003 - Smart Fort\" \/>\n<meta property=\"og:description\" content=\"Cabo USB para Iphone - 2.1A Carrega seu celular com seguran\u00e7a e alta velocidade de transmiss\u00e3o de dados e carregamento  Anti-interfer\u00eancia  Compat\u00edvel com qualquer edi\u00e7\u00e3o de USB  &nbsp;  &nbsp;\" \/>\n<meta property=\"og:url\" content=\"https:\/\/loja.femsolucoes.com.br\/?product=cabo-tipo-c-sat-c003\" \/>\n<meta property=\"og:site_name\" content=\"Smart Fort\" \/>\n<meta property=\"article:modified_time\" content=\"2021-02-05T14:41:59+00:00\" \/>\n<meta property=\"og:image\" content=\"https:\/\/loja.femsolucoes.com.br\/wp-content\/uploads\/2020\/08\/cabo-tipo-c-SAT-C003.png\" \/>\n\t<meta property=\"og:image:width\" content=\"600\" \/>\n\t<meta property=\"og:image:height\" content=\"600\" \/>\n\t<meta property=\"og:image:type\" content=\"image\/png\" \/>\n<meta name=\"twitter:card\" content=\"summary_large_image\" \/>\n<script type=\"application\/ld+json\" class=\"yoast-schema-graph\">{\"@context\":\"https:\/\/schema.org\",\"@graph\":[{\"@type\":\"WebPage\",\"@id\":\"https:\/\/loja.femsolucoes.com.br\/?product=cabo-tipo-c-sat-c003\",\"url\":\"https:\/\/loja.femsolucoes.com.br\/?product=cabo-tipo-c-sat-c003\",\"name\":\"CABO TIPO-C SAT-C003 - Smart Fort\",\"isPartOf\":{\"@id\":\"https:\/\/loja.femsolucoes.com.br\/#website\"},\"primaryImageOfPage\":{\"@id\":\"https:\/\/loja.femsolucoes.com.br\/?product=cabo-tipo-c-sat-c003#primaryimage\"},\"image\":{\"@id\":\"https:\/\/loja.femsolucoes.com.br\/?product=cabo-tipo-c-sat-c003#primaryimage\"},\"thumbnailUrl\":\"https:\/\/loja.femsolucoes.com.br\/wp-content\/uploads\/2020\/08\/cabo-tipo-c-SAT-C003.png\",\"datePublished\":\"2020-08-18T18:19:11+00:00\",\"dateModified\":\"2021-02-05T14:41:59+00:00\",\"breadcrumb\":{\"@id\":\"https:\/\/loja.femsolucoes.com.br\/?product=cabo-tipo-c-sat-c003#breadcrumb\"},\"inLanguage\":\"pt-BR\",\"potentialAction\":[{\"@type\":\"ReadAction\",\"target\":[\"https:\/\/loja.femsolucoes.com.br\/?product=cabo-tipo-c-sat-c003\"]}]},{\"@type\":\"ImageObject\",\"inLanguage\":\"pt-BR\",\"@id\":\"https:\/\/loja.femsolucoes.com.br\/?product=cabo-tipo-c-sat-c003#primaryimage\",\"url\":\"https:\/\/loja.femsolucoes.com.br\/wp-content\/uploads\/2020\/08\/cabo-tipo-c-SAT-C003.png\",\"contentUrl\":\"https:\/\/loja.femsolucoes.com.br\/wp-content\/uploads\/2020\/08\/cabo-tipo-c-SAT-C003.png\",\"width\":600,\"height\":600},{\"@type\":\"BreadcrumbList\",\"@id\":\"https:\/\/loja.femsolucoes.com.br\/?product=cabo-tipo-c-sat-c003#breadcrumb\",\"itemListElement\":[{\"@type\":\"ListItem\",\"position\":1,\"name\":\"Home\",\"item\":\"https:\/\/loja.femsolucoes.com.br\/\"},{\"@type\":\"ListItem\",\"position\":2,\"name\":\"Shop\",\"item\":\"https:\/\/loja.femsolucoes.com.br\/?page_id=4\"},{\"@type\":\"ListItem\",\"position\":3,\"name\":\"CABO TIPO-C SAT-C003\"}]},{\"@type\":\"WebSite\",\"@id\":\"https:\/\/loja.femsolucoes.com.br\/#website\",\"url\":\"https:\/\/loja.femsolucoes.com.br\/\",\"name\":\"Smart Fort\",\"description\":\"\",\"potentialAction\":[{\"@type\":\"SearchAction\",\"target\":{\"@type\":\"EntryPoint\",\"urlTemplate\":\"https:\/\/loja.femsolucoes.com.br\/?s={search_term_string}\"},\"query-input\":{\"@type\":\"PropertyValueSpecification\",\"valueRequired\":true,\"valueName\":\"search_term_string\"}}],\"inLanguage\":\"pt-BR\"}]}<\/script>\n<!-- \/ Yoast SEO plugin. -->","yoast_head_json":{"title":"CABO TIPO-C SAT-C003 - Smart Fort","robots":{"index":"index","follow":"follow","max-snippet":"max-snippet:-1","max-image-preview":"max-image-preview:large","max-video-preview":"max-video-preview:-1"},"canonical":"https:\/\/loja.femsolucoes.com.br\/?product=cabo-tipo-c-sat-c003","og_locale":"pt_BR","og_type":"article","og_title":"CABO TIPO-C SAT-C003 - Smart Fort","og_description":"Cabo USB para Iphone - 2.1A Carrega seu celular com seguran\u00e7a e alta velocidade de transmiss\u00e3o de dados e carregamento  Anti-interfer\u00eancia  Compat\u00edvel com qualquer edi\u00e7\u00e3o de USB  &nbsp;  &nbsp;","og_url":"https:\/\/loja.femsolucoes.com.br\/?product=cabo-tipo-c-sat-c003","og_site_name":"Smart Fort","article_modified_time":"2021-02-05T14:41:59+00:00","og_image":[{"width":600,"height":600,"url":"https:\/\/loja.femsolucoes.com.br\/wp-content\/uploads\/2020\/08\/cabo-tipo-c-SAT-C003.png","type":"image\/png"}],"twitter_card":"summary_large_image","schema":{"@context":"https:\/\/schema.org","@graph":[{"@type":"WebPage","@id":"https:\/\/loja.femsolucoes.com.br\/?product=cabo-tipo-c-sat-c003","url":"https:\/\/loja.femsolucoes.com.br\/?product=cabo-tipo-c-sat-c003","name":"CABO TIPO-C SAT-C003 - Smart Fort","isPartOf":{"@id":"https:\/\/loja.femsolucoes.com.br\/#website"},"primaryImageOfPage":{"@id":"https:\/\/loja.femsolucoes.com.br\/?product=cabo-tipo-c-sat-c003#primaryimage"},"image":{"@id":"https:\/\/loja.femsolucoes.com.br\/?product=cabo-tipo-c-sat-c003#primaryimage"},"thumbnailUrl":"https:\/\/loja.femsolucoes.com.br\/wp-content\/uploads\/2020\/08\/cabo-tipo-c-SAT-C003.png","datePublished":"2020-08-18T18:19:11+00:00","dateModified":"2021-02-05T14:41:59+00:00","breadcrumb":{"@id":"https:\/\/loja.femsolucoes.com.br\/?product=cabo-tipo-c-sat-c003#breadcrumb"},"inLanguage":"pt-BR","potentialAction":[{"@type":"ReadAction","target":["https:\/\/loja.femsolucoes.com.br\/?product=cabo-tipo-c-sat-c003"]}]},{"@type":"ImageObject","inLanguage":"pt-BR","@id":"https:\/\/loja.femsolucoes.com.br\/?product=cabo-tipo-c-sat-c003#primaryimage","url":"https:\/\/loja.femsolucoes.com.br\/wp-content\/uploads\/2020\/08\/cabo-tipo-c-SAT-C003.png","contentUrl":"https:\/\/loja.femsolucoes.com.br\/wp-content\/uploads\/2020\/08\/cabo-tipo-c-SAT-C003.png","width":600,"height":600},{"@type":"BreadcrumbList","@id":"https:\/\/loja.femsolucoes.com.br\/?product=cabo-tipo-c-sat-c003#breadcrumb","itemListElement":[{"@type":"ListItem","position":1,"name":"Home","item":"https:\/\/loja.femsolucoes.com.br\/"},{"@type":"ListItem","position":2,"name":"Shop","item":"https:\/\/loja.femsolucoes.com.br\/?page_id=4"},{"@type":"ListItem","position":3,"name":"CABO TIPO-C SAT-C003"}]},{"@type":"WebSite","@id":"https:\/\/loja.femsolucoes.com.br\/#website","url":"https:\/\/loja.femsolucoes.com.br\/","name":"Smart Fort","description":"","potentialAction":[{"@type":"SearchAction","target":{"@type":"EntryPoint","urlTemplate":"https:\/\/loja.femsolucoes.com.br\/?s={search_term_string}"},"query-input":{"@type":"PropertyValueSpecification","valueRequired":true,"valueName":"search_term_string"}}],"inLanguage":"pt-BR"}]}},"_links":{"self":[{"href":"https:\/\/loja.femsolucoes.com.br\/index.php?rest_route=\/wp\/v2\/product\/586","targetHints":{"allow":["GET"]}}],"collection":[{"href":"https:\/\/loja.femsolucoes.com.br\/index.php?rest_route=\/wp\/v2\/product"}],"about":[{"href":"https:\/\/loja.femsolucoes.com.br\/index.php?rest_route=\/wp\/v2\/types\/product"}],"replies":[{"embeddable":true,"href":"https:\/\/loja.femsolucoes.com.br\/index.php?rest_route=%2Fwp%2Fv2%2Fcomments&post=586"}],"wp:featuredmedia":[{"embeddable":true,"href":"https:\/\/loja.femsolucoes.com.br\/index.php?rest_route=\/wp\/v2\/media\/587"}],"wp:attachment":[{"href":"https:\/\/loja.femsolucoes.com.br\/index.php?rest_route=%2Fwp%2Fv2%2Fmedia&parent=586"}],"wp:term":[{"taxonomy":"product_cat","embeddable":true,"href":"https:\/\/loja.femsolucoes.com.br\/index.php?rest_route=%2Fwp%2Fv2%2Fproduct_cat&post=586"},{"taxonomy":"product_tag","embeddable":true,"href":"https:\/\/loja.femsolucoes.com.br\/index.php?rest_route=%2Fwp%2Fv2%2Fproduct_tag&post=586"}],"curies":[{"name":"wp","href":"https:\/\/api.w.org\/{rel}","templated":true}]}}