{"id":5346,"date":"2020-09-14T16:27:55","date_gmt":"2020-09-14T19:27:55","guid":{"rendered":"http:\/\/smartfort.com.br\/?post_type=product&#038;p=5346"},"modified":"2021-02-05T11:39:35","modified_gmt":"2021-02-05T14:39:35","slug":"globo-magico-led-de-cristal","status":"publish","type":"product","link":"https:\/\/loja.femsolucoes.com.br\/?product=globo-magico-led-de-cristal","title":{"rendered":"GLOBO M\u00c1GICO LED DE CRISTAL &#8211; LUATEK- TK-306"},"content":{"rendered":"","protected":false},"excerpt":{"rendered":"<h3 class=\"ui-pdp-title\">Bola Maluca LED Mp3 Bluetooth Globo Magico Luatek Lk306<\/h3>\n<div class=\"ui-pdp-container__col col-2 ui-pdp-container--column-left pb-40\">\n<div class=\"ui-pdp-container__col col-1 ui-vip-core-container--content-left\">\n<div class=\"ui-pdp-container__row ui-pdp-container__row--description\">\n<div class=\"ui-pdp-description\">\n<p class=\"ui-pdp-description__content\">Globo M\u00e1gico Led de Cristal Lk-306<\/p>\n<p>Com uma capa de pl\u00e1stico super-resistente e 520 faixas<\/p>\n<p>De luz potente. Que ao atingir as paredes, deixa um efeito parecido com bolas de cristal Super brilhante.<\/p>\n<h3 id=\"product-name-default\" class=\"product-title__TitleUi-sc-1r13at-0 jYPcAr TitleH1-sc-1wh9e1x-0 kSKgXt\">Globo Magico Led De Cristal Luatek 30 Watts Rgb Mp3 Controle Lk 306b &#8211; Usb\/sd<\/h3>\n<p class=\"ui-pdp-description__content\">A vida \u00fatil do Led \u00e9 cerca de 600 horas, n\u00e3o necessitando a troca da l\u00e2mpada,<\/p>\n<p>Super econ\u00f4mico, pode ser utilizada a noite inteira sem esquentar o equipamento<\/p>\n<p>Super compacto e pr\u00e1tico, perfeito para discoteca, velocidade e brilho ajust\u00e1veis<\/p>\n<p>Cores selecion\u00e1veis<\/p>\n<p>Caracteristica:<\/p>\n<p>MP3, Bluetooth<\/p>\n<p>Fonte de alimenta\u00e7\u00e3o: Ac 110-220V. 50\/60Hz<\/p>\n<p>Pot\u00eancia: 18W Canais 6<\/p>\n<p>Modo de reprodu\u00e7\u00e3o autom\u00e1tico, proje\u00e7\u00e3o de acordo com o ritmo da m\u00fasica, pr\u00f3pria ou secundaria.<\/p>\n<p>800 faixas de luz de alta performance.<\/p>\n<\/div>\n<\/div>\n<div class=\"ui-pdp-container__col col-3\"><\/div>\n<\/div>\n<\/div>\n","protected":false},"featured_media":5347,"comment_status":"open","ping_status":"closed","template":"","meta":{"_acf_changed":false,"_joinchat":[]},"product_cat":[27,23],"product_tag":[],"class_list":{"0":"post-5346","1":"product","2":"type-product","3":"status-publish","4":"has-post-thumbnail","6":"product_cat-eletronicos","7":"product_cat-utilidades-para-casa","9":"first","10":"outofstock","11":"shipping-taxable","12":"product-type-simple"},"acf":[],"yoast_head":"<!-- This site is optimized with the Yoast SEO plugin v24.6 - https:\/\/yoast.com\/wordpress\/plugins\/seo\/ -->\n<title>GLOBO M\u00c1GICO LED DE CRISTAL - LUATEK- TK-306 - Smart Fort<\/title>\n<meta name=\"robots\" content=\"index, follow, max-snippet:-1, max-image-preview:large, max-video-preview:-1\" \/>\n<link rel=\"canonical\" href=\"https:\/\/loja.femsolucoes.com.br\/?product=globo-magico-led-de-cristal\" \/>\n<meta property=\"og:locale\" content=\"pt_BR\" \/>\n<meta property=\"og:type\" content=\"article\" \/>\n<meta property=\"og:title\" content=\"GLOBO M\u00c1GICO LED DE CRISTAL - LUATEK- TK-306 - Smart Fort\" \/>\n<meta property=\"og:description\" content=\"Bola Maluca LED Mp3 Bluetooth Globo Magico Luatek Lk306     Globo M\u00e1gico Led de Cristal Lk-306 Com uma capa de pl\u00e1stico super-resistente e 520 faixas  De luz potente. Que ao atingir as paredes, deixa um efeito parecido com bolas de cristal Super brilhante. Globo Magico Led De Cristal Luatek 30 Watts Rgb Mp3 Controle Lk 306b - Usb\/sd A vida \u00fatil do Led \u00e9 cerca de 600 horas, n\u00e3o necessitando a troca da l\u00e2mpada, Super econ\u00f4mico, pode ser utilizada a noite inteira sem esquentar o equipamento  Super compacto e pr\u00e1tico, perfeito para discoteca, velocidade e brilho ajust\u00e1veis  Cores selecion\u00e1veis  Caracteristica:  MP3, Bluetooth  Fonte de alimenta\u00e7\u00e3o: Ac 110-220V. 50\/60Hz  Pot\u00eancia: 18W Canais 6  Modo de reprodu\u00e7\u00e3o autom\u00e1tico, proje\u00e7\u00e3o de acordo com o ritmo da m\u00fasica, pr\u00f3pria ou secundaria.  800 faixas de luz de alta performance.\" \/>\n<meta property=\"og:url\" content=\"https:\/\/loja.femsolucoes.com.br\/?product=globo-magico-led-de-cristal\" \/>\n<meta property=\"og:site_name\" content=\"Smart Fort\" \/>\n<meta property=\"article:modified_time\" content=\"2021-02-05T14:39:35+00:00\" \/>\n<meta property=\"og:image\" content=\"https:\/\/loja.femsolucoes.com.br\/wp-content\/uploads\/2020\/09\/globo-magico-led-de-cristal-lk-306-1.png\" \/>\n\t<meta property=\"og:image:width\" content=\"600\" \/>\n\t<meta property=\"og:image:height\" content=\"600\" \/>\n\t<meta property=\"og:image:type\" content=\"image\/png\" \/>\n<meta name=\"twitter:card\" content=\"summary_large_image\" \/>\n<script type=\"application\/ld+json\" class=\"yoast-schema-graph\">{\"@context\":\"https:\/\/schema.org\",\"@graph\":[{\"@type\":\"WebPage\",\"@id\":\"https:\/\/loja.femsolucoes.com.br\/?product=globo-magico-led-de-cristal\",\"url\":\"https:\/\/loja.femsolucoes.com.br\/?product=globo-magico-led-de-cristal\",\"name\":\"GLOBO M\u00c1GICO LED DE CRISTAL - LUATEK- TK-306 - Smart Fort\",\"isPartOf\":{\"@id\":\"https:\/\/loja.femsolucoes.com.br\/#website\"},\"primaryImageOfPage\":{\"@id\":\"https:\/\/loja.femsolucoes.com.br\/?product=globo-magico-led-de-cristal#primaryimage\"},\"image\":{\"@id\":\"https:\/\/loja.femsolucoes.com.br\/?product=globo-magico-led-de-cristal#primaryimage\"},\"thumbnailUrl\":\"https:\/\/loja.femsolucoes.com.br\/wp-content\/uploads\/2020\/09\/globo-magico-led-de-cristal-lk-306-1.png\",\"datePublished\":\"2020-09-14T19:27:55+00:00\",\"dateModified\":\"2021-02-05T14:39:35+00:00\",\"breadcrumb\":{\"@id\":\"https:\/\/loja.femsolucoes.com.br\/?product=globo-magico-led-de-cristal#breadcrumb\"},\"inLanguage\":\"pt-BR\",\"potentialAction\":[{\"@type\":\"ReadAction\",\"target\":[\"https:\/\/loja.femsolucoes.com.br\/?product=globo-magico-led-de-cristal\"]}]},{\"@type\":\"ImageObject\",\"inLanguage\":\"pt-BR\",\"@id\":\"https:\/\/loja.femsolucoes.com.br\/?product=globo-magico-led-de-cristal#primaryimage\",\"url\":\"https:\/\/loja.femsolucoes.com.br\/wp-content\/uploads\/2020\/09\/globo-magico-led-de-cristal-lk-306-1.png\",\"contentUrl\":\"https:\/\/loja.femsolucoes.com.br\/wp-content\/uploads\/2020\/09\/globo-magico-led-de-cristal-lk-306-1.png\",\"width\":600,\"height\":600},{\"@type\":\"BreadcrumbList\",\"@id\":\"https:\/\/loja.femsolucoes.com.br\/?product=globo-magico-led-de-cristal#breadcrumb\",\"itemListElement\":[{\"@type\":\"ListItem\",\"position\":1,\"name\":\"Home\",\"item\":\"https:\/\/loja.femsolucoes.com.br\/\"},{\"@type\":\"ListItem\",\"position\":2,\"name\":\"Shop\",\"item\":\"https:\/\/loja.femsolucoes.com.br\/?page_id=4\"},{\"@type\":\"ListItem\",\"position\":3,\"name\":\"GLOBO M\u00c1GICO LED DE CRISTAL &#8211; LUATEK- TK-306\"}]},{\"@type\":\"WebSite\",\"@id\":\"https:\/\/loja.femsolucoes.com.br\/#website\",\"url\":\"https:\/\/loja.femsolucoes.com.br\/\",\"name\":\"Smart Fort\",\"description\":\"\",\"potentialAction\":[{\"@type\":\"SearchAction\",\"target\":{\"@type\":\"EntryPoint\",\"urlTemplate\":\"https:\/\/loja.femsolucoes.com.br\/?s={search_term_string}\"},\"query-input\":{\"@type\":\"PropertyValueSpecification\",\"valueRequired\":true,\"valueName\":\"search_term_string\"}}],\"inLanguage\":\"pt-BR\"}]}<\/script>\n<!-- \/ Yoast SEO plugin. -->","yoast_head_json":{"title":"GLOBO M\u00c1GICO LED DE CRISTAL - LUATEK- TK-306 - Smart Fort","robots":{"index":"index","follow":"follow","max-snippet":"max-snippet:-1","max-image-preview":"max-image-preview:large","max-video-preview":"max-video-preview:-1"},"canonical":"https:\/\/loja.femsolucoes.com.br\/?product=globo-magico-led-de-cristal","og_locale":"pt_BR","og_type":"article","og_title":"GLOBO M\u00c1GICO LED DE CRISTAL - LUATEK- TK-306 - Smart Fort","og_description":"Bola Maluca LED Mp3 Bluetooth Globo Magico Luatek Lk306     Globo M\u00e1gico Led de Cristal Lk-306 Com uma capa de pl\u00e1stico super-resistente e 520 faixas  De luz potente. Que ao atingir as paredes, deixa um efeito parecido com bolas de cristal Super brilhante. Globo Magico Led De Cristal Luatek 30 Watts Rgb Mp3 Controle Lk 306b - Usb\/sd A vida \u00fatil do Led \u00e9 cerca de 600 horas, n\u00e3o necessitando a troca da l\u00e2mpada, Super econ\u00f4mico, pode ser utilizada a noite inteira sem esquentar o equipamento  Super compacto e pr\u00e1tico, perfeito para discoteca, velocidade e brilho ajust\u00e1veis  Cores selecion\u00e1veis  Caracteristica:  MP3, Bluetooth  Fonte de alimenta\u00e7\u00e3o: Ac 110-220V. 50\/60Hz  Pot\u00eancia: 18W Canais 6  Modo de reprodu\u00e7\u00e3o autom\u00e1tico, proje\u00e7\u00e3o de acordo com o ritmo da m\u00fasica, pr\u00f3pria ou secundaria.  800 faixas de luz de alta performance.","og_url":"https:\/\/loja.femsolucoes.com.br\/?product=globo-magico-led-de-cristal","og_site_name":"Smart Fort","article_modified_time":"2021-02-05T14:39:35+00:00","og_image":[{"width":600,"height":600,"url":"https:\/\/loja.femsolucoes.com.br\/wp-content\/uploads\/2020\/09\/globo-magico-led-de-cristal-lk-306-1.png","type":"image\/png"}],"twitter_card":"summary_large_image","schema":{"@context":"https:\/\/schema.org","@graph":[{"@type":"WebPage","@id":"https:\/\/loja.femsolucoes.com.br\/?product=globo-magico-led-de-cristal","url":"https:\/\/loja.femsolucoes.com.br\/?product=globo-magico-led-de-cristal","name":"GLOBO M\u00c1GICO LED DE CRISTAL - LUATEK- TK-306 - Smart Fort","isPartOf":{"@id":"https:\/\/loja.femsolucoes.com.br\/#website"},"primaryImageOfPage":{"@id":"https:\/\/loja.femsolucoes.com.br\/?product=globo-magico-led-de-cristal#primaryimage"},"image":{"@id":"https:\/\/loja.femsolucoes.com.br\/?product=globo-magico-led-de-cristal#primaryimage"},"thumbnailUrl":"https:\/\/loja.femsolucoes.com.br\/wp-content\/uploads\/2020\/09\/globo-magico-led-de-cristal-lk-306-1.png","datePublished":"2020-09-14T19:27:55+00:00","dateModified":"2021-02-05T14:39:35+00:00","breadcrumb":{"@id":"https:\/\/loja.femsolucoes.com.br\/?product=globo-magico-led-de-cristal#breadcrumb"},"inLanguage":"pt-BR","potentialAction":[{"@type":"ReadAction","target":["https:\/\/loja.femsolucoes.com.br\/?product=globo-magico-led-de-cristal"]}]},{"@type":"ImageObject","inLanguage":"pt-BR","@id":"https:\/\/loja.femsolucoes.com.br\/?product=globo-magico-led-de-cristal#primaryimage","url":"https:\/\/loja.femsolucoes.com.br\/wp-content\/uploads\/2020\/09\/globo-magico-led-de-cristal-lk-306-1.png","contentUrl":"https:\/\/loja.femsolucoes.com.br\/wp-content\/uploads\/2020\/09\/globo-magico-led-de-cristal-lk-306-1.png","width":600,"height":600},{"@type":"BreadcrumbList","@id":"https:\/\/loja.femsolucoes.com.br\/?product=globo-magico-led-de-cristal#breadcrumb","itemListElement":[{"@type":"ListItem","position":1,"name":"Home","item":"https:\/\/loja.femsolucoes.com.br\/"},{"@type":"ListItem","position":2,"name":"Shop","item":"https:\/\/loja.femsolucoes.com.br\/?page_id=4"},{"@type":"ListItem","position":3,"name":"GLOBO M\u00c1GICO LED DE CRISTAL &#8211; LUATEK- TK-306"}]},{"@type":"WebSite","@id":"https:\/\/loja.femsolucoes.com.br\/#website","url":"https:\/\/loja.femsolucoes.com.br\/","name":"Smart Fort","description":"","potentialAction":[{"@type":"SearchAction","target":{"@type":"EntryPoint","urlTemplate":"https:\/\/loja.femsolucoes.com.br\/?s={search_term_string}"},"query-input":{"@type":"PropertyValueSpecification","valueRequired":true,"valueName":"search_term_string"}}],"inLanguage":"pt-BR"}]}},"_links":{"self":[{"href":"https:\/\/loja.femsolucoes.com.br\/index.php?rest_route=\/wp\/v2\/product\/5346","targetHints":{"allow":["GET"]}}],"collection":[{"href":"https:\/\/loja.femsolucoes.com.br\/index.php?rest_route=\/wp\/v2\/product"}],"about":[{"href":"https:\/\/loja.femsolucoes.com.br\/index.php?rest_route=\/wp\/v2\/types\/product"}],"replies":[{"embeddable":true,"href":"https:\/\/loja.femsolucoes.com.br\/index.php?rest_route=%2Fwp%2Fv2%2Fcomments&post=5346"}],"wp:featuredmedia":[{"embeddable":true,"href":"https:\/\/loja.femsolucoes.com.br\/index.php?rest_route=\/wp\/v2\/media\/5347"}],"wp:attachment":[{"href":"https:\/\/loja.femsolucoes.com.br\/index.php?rest_route=%2Fwp%2Fv2%2Fmedia&parent=5346"}],"wp:term":[{"taxonomy":"product_cat","embeddable":true,"href":"https:\/\/loja.femsolucoes.com.br\/index.php?rest_route=%2Fwp%2Fv2%2Fproduct_cat&post=5346"},{"taxonomy":"product_tag","embeddable":true,"href":"https:\/\/loja.femsolucoes.com.br\/index.php?rest_route=%2Fwp%2Fv2%2Fproduct_tag&post=5346"}],"curies":[{"name":"wp","href":"https:\/\/api.w.org\/{rel}","templated":true}]}}