{"id":128,"date":"2020-07-29T10:31:10","date_gmt":"2020-07-29T13:31:10","guid":{"rendered":"http:\/\/smartfort.com.br\/?post_type=product&#038;p=128"},"modified":"2021-02-05T13:28:59","modified_gmt":"2021-02-05T16:28:59","slug":"relogio-m4","status":"publish","type":"product","link":"https:\/\/loja.femsolucoes.com.br\/?product=relogio-m4","title":{"rendered":"REL\u00d3GIO M4"},"content":{"rendered":"","protected":false},"excerpt":{"rendered":"<h3>Smart Bracelet<\/h3>\n<p>&#8211; Ped\u00f4metro<br \/>\n&#8211; Sensor Card\u00edaco<br \/>\n&#8211; Medidor de press\u00e3o<br \/>\n&#8211; Dist\u00e2ncia percorrida<br \/>\n&#8211; Medidor de calorias<br \/>\n&#8211; Bluetooth 4.0<br \/>\n&#8211; Tipo de Notifica\u00e7\u00e3o: Whtasapp, Chamadas, SMS, Wechat, Facebook, Twittwe, Line, Instagram.<br \/>\n&#8211; Aplica\u00e7\u00e3o: FitPro<br \/>\n&#8211; Localizador de telefone &#8212; caso n\u00e3o localize o telefone dentro de casa ou no trabalho, o localizador faz ele tocar, facilitando encontra-lo.<br \/>\n&#8211; Display colorido com tela de vidro<br \/>\n&#8211; Resistente a \u00c1gua (N\u00e3o a Banho, Mergulhar, etc)<br \/>\n&#8211; Tipo de Alarme: Vibra\u00e7\u00e3o<br \/>\n&#8211; Modo de opera\u00e7\u00e3o: bot\u00e3o de toque.<br \/>\n&#8211; Compatibilidade qualquer Smartphone atrav\u00e9s do app FitPro.<\/p>\n","protected":false},"featured_media":559,"comment_status":"open","ping_status":"closed","template":"","meta":{"_acf_changed":false,"_joinchat":[]},"product_cat":[28],"product_tag":[],"class_list":{"0":"post-128","1":"product","2":"type-product","3":"status-publish","4":"has-post-thumbnail","6":"product_cat-relogios","8":"first","9":"outofstock","10":"sale","11":"shipping-taxable","12":"purchasable","13":"product-type-simple"},"acf":[],"yoast_head":"<!-- This site is optimized with the Yoast SEO plugin v24.6 - https:\/\/yoast.com\/wordpress\/plugins\/seo\/ -->\n<title>REL\u00d3GIO M4 - Smart Fort<\/title>\n<meta name=\"robots\" content=\"index, follow, max-snippet:-1, max-image-preview:large, max-video-preview:-1\" \/>\n<link rel=\"canonical\" href=\"https:\/\/loja.femsolucoes.com.br\/?product=relogio-m4\" \/>\n<meta property=\"og:locale\" content=\"pt_BR\" \/>\n<meta property=\"og:type\" content=\"article\" \/>\n<meta property=\"og:title\" content=\"REL\u00d3GIO M4 - Smart Fort\" \/>\n<meta property=\"og:description\" content=\"Smart Bracelet - Ped\u00f4metro - Sensor Card\u00edaco - Medidor de press\u00e3o - Dist\u00e2ncia percorrida - Medidor de calorias - Bluetooth 4.0 - Tipo de Notifica\u00e7\u00e3o: Whtasapp, Chamadas, SMS, Wechat, Facebook, Twittwe, Line, Instagram. - Aplica\u00e7\u00e3o: FitPro - Localizador de telefone -- caso n\u00e3o localize o telefone dentro de casa ou no trabalho, o localizador faz ele tocar, facilitando encontra-lo. - Display colorido com tela de vidro - Resistente a \u00c1gua (N\u00e3o a Banho, Mergulhar, etc) - Tipo de Alarme: Vibra\u00e7\u00e3o - Modo de opera\u00e7\u00e3o: bot\u00e3o de toque. - Compatibilidade qualquer Smartphone atrav\u00e9s do app FitPro.\" \/>\n<meta property=\"og:url\" content=\"https:\/\/loja.femsolucoes.com.br\/?product=relogio-m4\" \/>\n<meta property=\"og:site_name\" content=\"Smart Fort\" \/>\n<meta property=\"article:modified_time\" content=\"2021-02-05T16:28:59+00:00\" \/>\n<meta property=\"og:image\" content=\"https:\/\/loja.femsolucoes.com.br\/wp-content\/uploads\/2020\/07\/smart-bracelet-4.png\" \/>\n\t<meta property=\"og:image:width\" content=\"600\" \/>\n\t<meta property=\"og:image:height\" content=\"600\" \/>\n\t<meta property=\"og:image:type\" content=\"image\/png\" \/>\n<meta name=\"twitter:card\" content=\"summary_large_image\" \/>\n<script type=\"application\/ld+json\" class=\"yoast-schema-graph\">{\"@context\":\"https:\/\/schema.org\",\"@graph\":[{\"@type\":\"WebPage\",\"@id\":\"https:\/\/loja.femsolucoes.com.br\/?product=relogio-m4\",\"url\":\"https:\/\/loja.femsolucoes.com.br\/?product=relogio-m4\",\"name\":\"REL\u00d3GIO M4 - Smart Fort\",\"isPartOf\":{\"@id\":\"https:\/\/loja.femsolucoes.com.br\/#website\"},\"primaryImageOfPage\":{\"@id\":\"https:\/\/loja.femsolucoes.com.br\/?product=relogio-m4#primaryimage\"},\"image\":{\"@id\":\"https:\/\/loja.femsolucoes.com.br\/?product=relogio-m4#primaryimage\"},\"thumbnailUrl\":\"https:\/\/loja.femsolucoes.com.br\/wp-content\/uploads\/2020\/07\/smart-bracelet-4.png\",\"datePublished\":\"2020-07-29T13:31:10+00:00\",\"dateModified\":\"2021-02-05T16:28:59+00:00\",\"breadcrumb\":{\"@id\":\"https:\/\/loja.femsolucoes.com.br\/?product=relogio-m4#breadcrumb\"},\"inLanguage\":\"pt-BR\",\"potentialAction\":[{\"@type\":\"ReadAction\",\"target\":[\"https:\/\/loja.femsolucoes.com.br\/?product=relogio-m4\"]}]},{\"@type\":\"ImageObject\",\"inLanguage\":\"pt-BR\",\"@id\":\"https:\/\/loja.femsolucoes.com.br\/?product=relogio-m4#primaryimage\",\"url\":\"https:\/\/loja.femsolucoes.com.br\/wp-content\/uploads\/2020\/07\/smart-bracelet-4.png\",\"contentUrl\":\"https:\/\/loja.femsolucoes.com.br\/wp-content\/uploads\/2020\/07\/smart-bracelet-4.png\",\"width\":600,\"height\":600},{\"@type\":\"BreadcrumbList\",\"@id\":\"https:\/\/loja.femsolucoes.com.br\/?product=relogio-m4#breadcrumb\",\"itemListElement\":[{\"@type\":\"ListItem\",\"position\":1,\"name\":\"Home\",\"item\":\"https:\/\/loja.femsolucoes.com.br\/\"},{\"@type\":\"ListItem\",\"position\":2,\"name\":\"Shop\",\"item\":\"https:\/\/loja.femsolucoes.com.br\/?page_id=4\"},{\"@type\":\"ListItem\",\"position\":3,\"name\":\"REL\u00d3GIO M4\"}]},{\"@type\":\"WebSite\",\"@id\":\"https:\/\/loja.femsolucoes.com.br\/#website\",\"url\":\"https:\/\/loja.femsolucoes.com.br\/\",\"name\":\"Smart Fort\",\"description\":\"\",\"potentialAction\":[{\"@type\":\"SearchAction\",\"target\":{\"@type\":\"EntryPoint\",\"urlTemplate\":\"https:\/\/loja.femsolucoes.com.br\/?s={search_term_string}\"},\"query-input\":{\"@type\":\"PropertyValueSpecification\",\"valueRequired\":true,\"valueName\":\"search_term_string\"}}],\"inLanguage\":\"pt-BR\"}]}<\/script>\n<!-- \/ Yoast SEO plugin. -->","yoast_head_json":{"title":"REL\u00d3GIO M4 - Smart Fort","robots":{"index":"index","follow":"follow","max-snippet":"max-snippet:-1","max-image-preview":"max-image-preview:large","max-video-preview":"max-video-preview:-1"},"canonical":"https:\/\/loja.femsolucoes.com.br\/?product=relogio-m4","og_locale":"pt_BR","og_type":"article","og_title":"REL\u00d3GIO M4 - Smart Fort","og_description":"Smart Bracelet - Ped\u00f4metro - Sensor Card\u00edaco - Medidor de press\u00e3o - Dist\u00e2ncia percorrida - Medidor de calorias - Bluetooth 4.0 - Tipo de Notifica\u00e7\u00e3o: Whtasapp, Chamadas, SMS, Wechat, Facebook, Twittwe, Line, Instagram. - Aplica\u00e7\u00e3o: FitPro - Localizador de telefone -- caso n\u00e3o localize o telefone dentro de casa ou no trabalho, o localizador faz ele tocar, facilitando encontra-lo. - Display colorido com tela de vidro - Resistente a \u00c1gua (N\u00e3o a Banho, Mergulhar, etc) - Tipo de Alarme: Vibra\u00e7\u00e3o - Modo de opera\u00e7\u00e3o: bot\u00e3o de toque. - Compatibilidade qualquer Smartphone atrav\u00e9s do app FitPro.","og_url":"https:\/\/loja.femsolucoes.com.br\/?product=relogio-m4","og_site_name":"Smart Fort","article_modified_time":"2021-02-05T16:28:59+00:00","og_image":[{"width":600,"height":600,"url":"https:\/\/loja.femsolucoes.com.br\/wp-content\/uploads\/2020\/07\/smart-bracelet-4.png","type":"image\/png"}],"twitter_card":"summary_large_image","schema":{"@context":"https:\/\/schema.org","@graph":[{"@type":"WebPage","@id":"https:\/\/loja.femsolucoes.com.br\/?product=relogio-m4","url":"https:\/\/loja.femsolucoes.com.br\/?product=relogio-m4","name":"REL\u00d3GIO M4 - Smart Fort","isPartOf":{"@id":"https:\/\/loja.femsolucoes.com.br\/#website"},"primaryImageOfPage":{"@id":"https:\/\/loja.femsolucoes.com.br\/?product=relogio-m4#primaryimage"},"image":{"@id":"https:\/\/loja.femsolucoes.com.br\/?product=relogio-m4#primaryimage"},"thumbnailUrl":"https:\/\/loja.femsolucoes.com.br\/wp-content\/uploads\/2020\/07\/smart-bracelet-4.png","datePublished":"2020-07-29T13:31:10+00:00","dateModified":"2021-02-05T16:28:59+00:00","breadcrumb":{"@id":"https:\/\/loja.femsolucoes.com.br\/?product=relogio-m4#breadcrumb"},"inLanguage":"pt-BR","potentialAction":[{"@type":"ReadAction","target":["https:\/\/loja.femsolucoes.com.br\/?product=relogio-m4"]}]},{"@type":"ImageObject","inLanguage":"pt-BR","@id":"https:\/\/loja.femsolucoes.com.br\/?product=relogio-m4#primaryimage","url":"https:\/\/loja.femsolucoes.com.br\/wp-content\/uploads\/2020\/07\/smart-bracelet-4.png","contentUrl":"https:\/\/loja.femsolucoes.com.br\/wp-content\/uploads\/2020\/07\/smart-bracelet-4.png","width":600,"height":600},{"@type":"BreadcrumbList","@id":"https:\/\/loja.femsolucoes.com.br\/?product=relogio-m4#breadcrumb","itemListElement":[{"@type":"ListItem","position":1,"name":"Home","item":"https:\/\/loja.femsolucoes.com.br\/"},{"@type":"ListItem","position":2,"name":"Shop","item":"https:\/\/loja.femsolucoes.com.br\/?page_id=4"},{"@type":"ListItem","position":3,"name":"REL\u00d3GIO M4"}]},{"@type":"WebSite","@id":"https:\/\/loja.femsolucoes.com.br\/#website","url":"https:\/\/loja.femsolucoes.com.br\/","name":"Smart Fort","description":"","potentialAction":[{"@type":"SearchAction","target":{"@type":"EntryPoint","urlTemplate":"https:\/\/loja.femsolucoes.com.br\/?s={search_term_string}"},"query-input":{"@type":"PropertyValueSpecification","valueRequired":true,"valueName":"search_term_string"}}],"inLanguage":"pt-BR"}]}},"_links":{"self":[{"href":"https:\/\/loja.femsolucoes.com.br\/index.php?rest_route=\/wp\/v2\/product\/128","targetHints":{"allow":["GET"]}}],"collection":[{"href":"https:\/\/loja.femsolucoes.com.br\/index.php?rest_route=\/wp\/v2\/product"}],"about":[{"href":"https:\/\/loja.femsolucoes.com.br\/index.php?rest_route=\/wp\/v2\/types\/product"}],"replies":[{"embeddable":true,"href":"https:\/\/loja.femsolucoes.com.br\/index.php?rest_route=%2Fwp%2Fv2%2Fcomments&post=128"}],"wp:featuredmedia":[{"embeddable":true,"href":"https:\/\/loja.femsolucoes.com.br\/index.php?rest_route=\/wp\/v2\/media\/559"}],"wp:attachment":[{"href":"https:\/\/loja.femsolucoes.com.br\/index.php?rest_route=%2Fwp%2Fv2%2Fmedia&parent=128"}],"wp:term":[{"taxonomy":"product_cat","embeddable":true,"href":"https:\/\/loja.femsolucoes.com.br\/index.php?rest_route=%2Fwp%2Fv2%2Fproduct_cat&post=128"},{"taxonomy":"product_tag","embeddable":true,"href":"https:\/\/loja.femsolucoes.com.br\/index.php?rest_route=%2Fwp%2Fv2%2Fproduct_tag&post=128"}],"curies":[{"name":"wp","href":"https:\/\/api.w.org\/{rel}","templated":true}]}}