{"id":114,"date":"2020-07-28T19:26:49","date_gmt":"2020-07-28T22:26:49","guid":{"rendered":"http:\/\/smartfort.com.br\/?post_type=product&#038;p=114"},"modified":"2021-02-05T13:28:59","modified_gmt":"2021-02-05T16:28:59","slug":"fone-f024","status":"publish","type":"product","link":"https:\/\/loja.femsolucoes.com.br\/?product=fone-f024","title":{"rendered":"FONE P2- F024"},"content":{"rendered":"","protected":false},"excerpt":{"rendered":"<h3>Fone de Ouvido P2 com Mic Intra-Auricular PMCELL FO-24<\/h3>\n<p style=\"font-weight: 400\">Especifica\u00e7\u00f5es:<\/p>\n<p style=\"font-weight: 400\">Comprimento: 1,2mts<\/p>\n<p style=\"font-weight: 400\">Entrada auricular: 3.5mm<\/p>\n<p style=\"font-weight: 400\">Caracter\u00edsticas:<\/p>\n<p style=\"font-weight: 400\">Tecnologia extra pulse<\/p>\n<p style=\"font-weight: 400\">Cabo revestido em TPU<\/p>\n<p style=\"font-weight: 400\">Conector anodizado em dourado<\/p>\n<p style=\"font-weight: 400\">Fones intra-auricular<\/p>\n","protected":false},"featured_media":624,"comment_status":"open","ping_status":"closed","template":"","meta":{"_acf_changed":false,"_joinchat":[]},"product_cat":[16],"product_tag":[],"class_list":{"0":"post-114","1":"product","2":"type-product","3":"status-publish","4":"has-post-thumbnail","6":"product_cat-fones","8":"first","9":"outofstock","10":"sale","11":"shipping-taxable","12":"purchasable","13":"product-type-simple"},"acf":[],"yoast_head":"<!-- This site is optimized with the Yoast SEO plugin v24.6 - https:\/\/yoast.com\/wordpress\/plugins\/seo\/ -->\n<title>FONE P2- F024 - Smart Fort<\/title>\n<meta name=\"robots\" content=\"index, follow, max-snippet:-1, max-image-preview:large, max-video-preview:-1\" \/>\n<link rel=\"canonical\" href=\"https:\/\/loja.femsolucoes.com.br\/?product=fone-f024\" \/>\n<meta property=\"og:locale\" content=\"pt_BR\" \/>\n<meta property=\"og:type\" content=\"article\" \/>\n<meta property=\"og:title\" content=\"FONE P2- F024 - Smart Fort\" \/>\n<meta property=\"og:description\" content=\"Fone de Ouvido P2 com Mic Intra-Auricular PMCELL FO-24 Especifica\u00e7\u00f5es: Comprimento: 1,2mts Entrada auricular: 3.5mm Caracter\u00edsticas: Tecnologia extra pulse Cabo revestido em TPU Conector anodizado em dourado Fones intra-auricular\" \/>\n<meta property=\"og:url\" content=\"https:\/\/loja.femsolucoes.com.br\/?product=fone-f024\" \/>\n<meta property=\"og:site_name\" content=\"Smart Fort\" \/>\n<meta property=\"article:modified_time\" content=\"2021-02-05T16:28:59+00:00\" \/>\n<meta property=\"og:image\" content=\"https:\/\/loja.femsolucoes.com.br\/wp-content\/uploads\/2020\/07\/fone-stereo-fo-24-2.png\" \/>\n\t<meta property=\"og:image:width\" content=\"600\" \/>\n\t<meta property=\"og:image:height\" content=\"600\" \/>\n\t<meta property=\"og:image:type\" content=\"image\/png\" \/>\n<meta name=\"twitter:card\" content=\"summary_large_image\" \/>\n<script type=\"application\/ld+json\" class=\"yoast-schema-graph\">{\"@context\":\"https:\/\/schema.org\",\"@graph\":[{\"@type\":\"WebPage\",\"@id\":\"https:\/\/loja.femsolucoes.com.br\/?product=fone-f024\",\"url\":\"https:\/\/loja.femsolucoes.com.br\/?product=fone-f024\",\"name\":\"FONE P2- F024 - Smart Fort\",\"isPartOf\":{\"@id\":\"https:\/\/loja.femsolucoes.com.br\/#website\"},\"primaryImageOfPage\":{\"@id\":\"https:\/\/loja.femsolucoes.com.br\/?product=fone-f024#primaryimage\"},\"image\":{\"@id\":\"https:\/\/loja.femsolucoes.com.br\/?product=fone-f024#primaryimage\"},\"thumbnailUrl\":\"https:\/\/loja.femsolucoes.com.br\/wp-content\/uploads\/2020\/07\/fone-stereo-fo-24-2.png\",\"datePublished\":\"2020-07-28T22:26:49+00:00\",\"dateModified\":\"2021-02-05T16:28:59+00:00\",\"breadcrumb\":{\"@id\":\"https:\/\/loja.femsolucoes.com.br\/?product=fone-f024#breadcrumb\"},\"inLanguage\":\"pt-BR\",\"potentialAction\":[{\"@type\":\"ReadAction\",\"target\":[\"https:\/\/loja.femsolucoes.com.br\/?product=fone-f024\"]}]},{\"@type\":\"ImageObject\",\"inLanguage\":\"pt-BR\",\"@id\":\"https:\/\/loja.femsolucoes.com.br\/?product=fone-f024#primaryimage\",\"url\":\"https:\/\/loja.femsolucoes.com.br\/wp-content\/uploads\/2020\/07\/fone-stereo-fo-24-2.png\",\"contentUrl\":\"https:\/\/loja.femsolucoes.com.br\/wp-content\/uploads\/2020\/07\/fone-stereo-fo-24-2.png\",\"width\":600,\"height\":600},{\"@type\":\"BreadcrumbList\",\"@id\":\"https:\/\/loja.femsolucoes.com.br\/?product=fone-f024#breadcrumb\",\"itemListElement\":[{\"@type\":\"ListItem\",\"position\":1,\"name\":\"Home\",\"item\":\"https:\/\/loja.femsolucoes.com.br\/\"},{\"@type\":\"ListItem\",\"position\":2,\"name\":\"Shop\",\"item\":\"https:\/\/loja.femsolucoes.com.br\/?page_id=4\"},{\"@type\":\"ListItem\",\"position\":3,\"name\":\"FONE P2- F024\"}]},{\"@type\":\"WebSite\",\"@id\":\"https:\/\/loja.femsolucoes.com.br\/#website\",\"url\":\"https:\/\/loja.femsolucoes.com.br\/\",\"name\":\"Smart Fort\",\"description\":\"\",\"potentialAction\":[{\"@type\":\"SearchAction\",\"target\":{\"@type\":\"EntryPoint\",\"urlTemplate\":\"https:\/\/loja.femsolucoes.com.br\/?s={search_term_string}\"},\"query-input\":{\"@type\":\"PropertyValueSpecification\",\"valueRequired\":true,\"valueName\":\"search_term_string\"}}],\"inLanguage\":\"pt-BR\"}]}<\/script>\n<!-- \/ Yoast SEO plugin. -->","yoast_head_json":{"title":"FONE P2- F024 - Smart Fort","robots":{"index":"index","follow":"follow","max-snippet":"max-snippet:-1","max-image-preview":"max-image-preview:large","max-video-preview":"max-video-preview:-1"},"canonical":"https:\/\/loja.femsolucoes.com.br\/?product=fone-f024","og_locale":"pt_BR","og_type":"article","og_title":"FONE P2- F024 - Smart Fort","og_description":"Fone de Ouvido P2 com Mic Intra-Auricular PMCELL FO-24 Especifica\u00e7\u00f5es: Comprimento: 1,2mts Entrada auricular: 3.5mm Caracter\u00edsticas: Tecnologia extra pulse Cabo revestido em TPU Conector anodizado em dourado Fones intra-auricular","og_url":"https:\/\/loja.femsolucoes.com.br\/?product=fone-f024","og_site_name":"Smart Fort","article_modified_time":"2021-02-05T16:28:59+00:00","og_image":[{"width":600,"height":600,"url":"https:\/\/loja.femsolucoes.com.br\/wp-content\/uploads\/2020\/07\/fone-stereo-fo-24-2.png","type":"image\/png"}],"twitter_card":"summary_large_image","schema":{"@context":"https:\/\/schema.org","@graph":[{"@type":"WebPage","@id":"https:\/\/loja.femsolucoes.com.br\/?product=fone-f024","url":"https:\/\/loja.femsolucoes.com.br\/?product=fone-f024","name":"FONE P2- F024 - Smart Fort","isPartOf":{"@id":"https:\/\/loja.femsolucoes.com.br\/#website"},"primaryImageOfPage":{"@id":"https:\/\/loja.femsolucoes.com.br\/?product=fone-f024#primaryimage"},"image":{"@id":"https:\/\/loja.femsolucoes.com.br\/?product=fone-f024#primaryimage"},"thumbnailUrl":"https:\/\/loja.femsolucoes.com.br\/wp-content\/uploads\/2020\/07\/fone-stereo-fo-24-2.png","datePublished":"2020-07-28T22:26:49+00:00","dateModified":"2021-02-05T16:28:59+00:00","breadcrumb":{"@id":"https:\/\/loja.femsolucoes.com.br\/?product=fone-f024#breadcrumb"},"inLanguage":"pt-BR","potentialAction":[{"@type":"ReadAction","target":["https:\/\/loja.femsolucoes.com.br\/?product=fone-f024"]}]},{"@type":"ImageObject","inLanguage":"pt-BR","@id":"https:\/\/loja.femsolucoes.com.br\/?product=fone-f024#primaryimage","url":"https:\/\/loja.femsolucoes.com.br\/wp-content\/uploads\/2020\/07\/fone-stereo-fo-24-2.png","contentUrl":"https:\/\/loja.femsolucoes.com.br\/wp-content\/uploads\/2020\/07\/fone-stereo-fo-24-2.png","width":600,"height":600},{"@type":"BreadcrumbList","@id":"https:\/\/loja.femsolucoes.com.br\/?product=fone-f024#breadcrumb","itemListElement":[{"@type":"ListItem","position":1,"name":"Home","item":"https:\/\/loja.femsolucoes.com.br\/"},{"@type":"ListItem","position":2,"name":"Shop","item":"https:\/\/loja.femsolucoes.com.br\/?page_id=4"},{"@type":"ListItem","position":3,"name":"FONE P2- F024"}]},{"@type":"WebSite","@id":"https:\/\/loja.femsolucoes.com.br\/#website","url":"https:\/\/loja.femsolucoes.com.br\/","name":"Smart Fort","description":"","potentialAction":[{"@type":"SearchAction","target":{"@type":"EntryPoint","urlTemplate":"https:\/\/loja.femsolucoes.com.br\/?s={search_term_string}"},"query-input":{"@type":"PropertyValueSpecification","valueRequired":true,"valueName":"search_term_string"}}],"inLanguage":"pt-BR"}]}},"_links":{"self":[{"href":"https:\/\/loja.femsolucoes.com.br\/index.php?rest_route=\/wp\/v2\/product\/114","targetHints":{"allow":["GET"]}}],"collection":[{"href":"https:\/\/loja.femsolucoes.com.br\/index.php?rest_route=\/wp\/v2\/product"}],"about":[{"href":"https:\/\/loja.femsolucoes.com.br\/index.php?rest_route=\/wp\/v2\/types\/product"}],"replies":[{"embeddable":true,"href":"https:\/\/loja.femsolucoes.com.br\/index.php?rest_route=%2Fwp%2Fv2%2Fcomments&post=114"}],"wp:featuredmedia":[{"embeddable":true,"href":"https:\/\/loja.femsolucoes.com.br\/index.php?rest_route=\/wp\/v2\/media\/624"}],"wp:attachment":[{"href":"https:\/\/loja.femsolucoes.com.br\/index.php?rest_route=%2Fwp%2Fv2%2Fmedia&parent=114"}],"wp:term":[{"taxonomy":"product_cat","embeddable":true,"href":"https:\/\/loja.femsolucoes.com.br\/index.php?rest_route=%2Fwp%2Fv2%2Fproduct_cat&post=114"},{"taxonomy":"product_tag","embeddable":true,"href":"https:\/\/loja.femsolucoes.com.br\/index.php?rest_route=%2Fwp%2Fv2%2Fproduct_tag&post=114"}],"curies":[{"name":"wp","href":"https:\/\/api.w.org\/{rel}","templated":true}]}}