{"id":3,"date":"2020-07-14T22:17:29","date_gmt":"2020-07-15T01:17:29","guid":{"rendered":"http:\/\/smartfort.com.br\/?page_id=3"},"modified":"2020-09-23T09:37:56","modified_gmt":"2020-09-23T12:37:56","slug":"politica-de-privacidade","status":"publish","type":"page","link":"https:\/\/loja.femsolucoes.com.br\/?page_id=3","title":{"rendered":"Pol\u00edtica de privacidade"},"content":{"rendered":"<p class=\"p1\"><span class=\"s1\">POL\u00cdTICA DE PRIVACIDADE<\/span><\/p>\r\n<p class=\"p2\"><span class=\"s2\">A Pol\u00edtica de Privacidade da Smart Fort Acess\u00f3rios e Eletr\u00f4nicos objetiva demonstrar o compromisso com a seguran\u00e7a e a privacidade das informa\u00e7\u00f5es coletadas por meio de cadastro de usu\u00e1rios neste site. <\/span><\/p>\r\n<p class=\"p2\"><span class=\"s2\">A Smart Fort Acess\u00f3rios e Eletr\u00f4nicos manter\u00e1 \u00edntegras todas as informa\u00e7\u00f5es que forem fornecidas pelos seus usu\u00e1rios, n\u00e3o as divulgando em hip\u00f3tese nenhuma, ficando certo que, somente as utilizar\u00e1 para o andamento correto do pedido e\/ou quando o usu\u00e1rio manifestar vontade de receber a newsletter e\/ou as novidades, promo\u00e7\u00f5es, lan\u00e7amentos e etc. <\/span><\/p>\r\n<p class=\"p2\"><span class=\"s2\">Essa Pol\u00edtica de Privacidade poder\u00e1 ser alterada a qualquer tempo, sem necessidade de qualquer comunica\u00e7\u00e3o e\/ou aviso pr\u00e9vio.<\/span><\/p>\r\n<p class=\"p4\"><span class=\"s2\">Todos os direitos de propriedade intelectual sobre imagens, textos e sinais distintivos contidos neste site s\u00e3o reservados, sendo proibida qualquer reprodu\u00e7\u00e3o ou divulga\u00e7\u00e3o, com fins comerciais ou n\u00e3o, em qualquer meio de comunica\u00e7\u00e3o, inclusive na WEB, sem pr\u00e9via aprova\u00e7\u00e3o, por escrito da Smart Fort Acess\u00f3rios e Eletr\u00f4nicos, conforme a Lei n.\u00b0 9.610, de 19 de fevereiro de 1998 e a Lei 9.279, de 14 de maio de 1996, que disp\u00f5em, respectivamente, sobre o Direito Autoral e Direitos de Propriedade Industrial.<\/span><\/p>\r\n<p class=\"p6\"><span class=\"s1\">COMPRA SEGURA<\/span><\/p>\r\n<p class=\"p7\"><span class=\"s2\">Todas as informa\u00e7\u00f5es utilizadas em nosso sistema s\u00e3o codificadas e protegidas.<\/span><\/p>\r\n<p class=\"p8\"><span class=\"s2\">A\u00a0Smart Fort Acess\u00f3rios e Eletr\u00f4nicos garante a prote\u00e7\u00e3o de uma compra segura a seus usu\u00e1rios, pois usamos o Certificado de seguran\u00e7a SSL\u00a0(Secure Socket Layer) dedicado, que criptografa e protege os dados enviados pelos usu\u00e1rios via internet. Todas as informa\u00e7\u00f5es utilizadas em nosso sistema, desde a senha at\u00e9 os dados de pagamento, s\u00e3o codificadas, com isso impedimos qualquer tipo de altera\u00e7\u00e3o ou consulta por terceiros.\u00a0<\/span><\/p>\r\n<p class=\"p9\"><span class=\"s2\">Para pagamentos dos produtos, utilizamos o sistema da PagSeguro, o qual disponibiliza determinadas bandeiras especificadas no site, para pagamento por meio de cart\u00e3o de D\u00e9bito, Cr\u00e9dito e Boleto Banc\u00e1rio. O PagSeguro\u00a0garante\u00a0sistemas avan\u00e7ados de criptografia enquanto s\u00e3o enviados e mantidos em sigilo em servidores de seguran\u00e7a, conforme pol\u00edtica pr\u00f3pria. Todos os dados financeiros do cliente s\u00e3o administrados pelo PagSeguro e nenhuma informa\u00e7\u00e3o desta natureza \u00e9 operada pela\u00a0<\/span><span class=\"s3\">Smart Fort Acess\u00f3rios e Eletr\u00f4nicos<\/span><span class=\"s2\">.\u00a0<\/span><\/p>\r\n<p class=\"p6\"><span class=\"s1\">CONDI\u00c7\u00d5ES DE ENTREGA<\/span><\/p>\r\n<p class=\"p11\"><span class=\"s2\">O prazo para entrega pode variar de acordo com o local e a modalidade escolhida.\u00a0<\/span><\/p>\r\n<p class=\"p8\"><span class=\"s2\">A\u00a0Smart Fort Acess\u00f3rios e Eletr\u00f4nicos entregar\u00e1 os produtos adquiridos em sua embalagem original.\u00a0<\/span><span class=\"s4\"><br \/><br \/><\/span><span class=\"s2\">As entregas s\u00e3o sempre feitas em hor\u00e1rio comercial. Entregamos para todo o Brasil e disponibilizamos os servi\u00e7os dos correios.<\/span><\/p>\r\n<p class=\"p8\"><span class=\"s4\"><br \/><\/span><span class=\"s2\">Os\u00a0Pedidos realizados aos s\u00e1bados e domingos ser\u00e3o expedidos \u00e0s segundas-feiras, e pedidos feitos em feriados ser\u00e3o expedidos no dia \u00fatil seguinte.<\/span><\/p>\r\n<p class=\"p8\"><span class=\"s2\">Em edif\u00edcios, a entrega ser\u00e1 efetuada no local da portaria, sendo o cliente exclusivamente respons\u00e1vel pela guarda\u00a0<\/span><\/p>\r\n<p class=\"p8\"><span class=\"s2\">e transporte dos produtos at\u00e9 seu andar e unidade.\u00a0<\/span><\/p>\r\n<p class=\"p13\"><span class=\"s4\"><br \/><\/span><span class=\"s2\">Nossos entregadores realizam at\u00e9 tr\u00eas tentativas de entrega no local informado. \u00c9 indispens\u00e1vel que, no endere\u00e7o solicitado, tenha uma pessoa autorizada pelo comprador(a), maior de 18 anos, e portando documento de identifica\u00e7\u00e3o para receber a mercadoria e assinar o protocolo.<\/span><\/p>\r\n<p class=\"p13\"><span class=\"s2\">IMPORTANTE:\u00a0ap\u00f3s a finaliza\u00e7\u00e3o do pedido n\u00e3o \u00e9 poss\u00edvel alterar a forma de entrega,\u00a0solicitar adiantamento ou prioridade. Todos os prazos de entrega levam em considera\u00e7\u00e3o o estoque, a regi\u00e3o, o processo de emiss\u00e3o da nota fiscal e o tempo de preparo do produto.<\/span><\/p>\r\n<p class=\"p13\"><span class=\"s2\">O cliente poder\u00e1 e dever\u00e1 verificar os seguintes aspectos no momento do recebimento:<\/span><\/p>\r\n<p class=\"p13\"><span class=\"s2\">1) Se a embalagem estiver aberta, violada ou danificada;<\/span><\/p>\r\n<p class=\"p13\"><span class=\"s2\">2)Se o produto estiver avariado pelo transporte, aberto, violado ou usado;<\/span><\/p>\r\n<p class=\"p13\"><span class=\"s2\">3)Se os produtos entregues n\u00e3o corresponderem aos produtos adquiridos pelo site, se o conte\u00fado das embalagens estiver incompleto sem partes ou acess\u00f3rios dos produtos adquiridos.<\/span><\/p>\r\n<p class=\"p13\"><span class=\"s2\">Em caso de qualquer diverg\u00eancia o cliente dever\u00e1 recusar-se a receber o produto em quest\u00e3o e entrar em contato com a central de atendimento da\u00a0Smart Fort Acess\u00f3rios e Eletr\u00f4nicos.\u00a0<\/span><\/p>\r\n<p class=\"p16\"><span class=\"s2\"><b>FRETE<\/b><\/span><\/p>\r\n<p class=\"p17\"><span class=\"s2\">O Valor do Frete da entrega dos produtos, \u00e9 calculado automaticamente pelo Site no momento da Compra, a partir do peso, volume e quantidade dos produtos adquiridos, assim como a dist\u00e2ncia entre nosso centro de distribui\u00e7\u00e3o e o local de entrega informado pelo cliente.\u00a0<\/span><\/p>\r\n<p class=\"p19\"><span class=\"s2\">\u00a0Segue os dados da nossa Central de Atendimento.\u00a0<\/span><\/p>\r\n<p class=\"p6\"><span class=\"s1\">TROCAS E DEVOLU\u00c7\u00d5ES<\/span><\/p>\r\n<p class=\"p20\"><span class=\"s5\">Caso o cliente se arrependa de uma compra efetuada poder\u00e1 entrar em contato com a Central de Atendimento da\u00a0<\/span><span class=\"s2\">Smart Fort Acess\u00f3rios e Eletr\u00f4nicos e manifestar seu interesse na devolu\u00e7\u00e3o ou troca do produto no prazo de\u00a07 (sete) dias corridos contados a partir da data do recebimento.\u00a0<\/span><\/p>\r\n<p class=\"p21\"><span class=\"s6\">A\u00a0Smart Fort Acess\u00f3rios e Eletr\u00f4nicos<\/span><span class=\"s2\"> aceitar\u00e1 a devolu\u00e7\u00e3o dos produtos se o mesmo atender as condi\u00e7\u00f5es abaixo:\u00a0<\/span><\/p>\r\n<ol class=\"ol1\">\r\n<li class=\"li23\"><span class=\"s7\">O produto dever\u00e1 ser encaminhado em sua embalagem original, com todos os manuais, certificados de garantia e acess\u00f3rios;<\/span><\/li>\r\n<\/ol>\r\n<ol class=\"ol1\">\r\n<li class=\"li23\"><span class=\"s7\">O produto n\u00e3o poder\u00e1 ter sido testado, usado ou consumido, exceto para os casos de defeito t\u00e9cnico ou de fabrica\u00e7\u00e3o constatado ap\u00f3s utiliza\u00e7\u00e3o.<\/span><\/li>\r\n<\/ol>\r\n<p class=\"p20\"><span class=\"s2\">c) O produto deve estar acompanhado de Cupom ou Nota Fiscal de Venda.\u00a0<\/span><\/p>\r\n<p class=\"p26\"><span class=\"s2\">Em casos de Defeito do produto.<\/span><\/p>\r\n<p class=\"p21\"><span class=\"s8\">A\u00a0<\/span><span class=\"s6\">Smart Fort Acess\u00f3rios e Eletr\u00f4nicos <\/span><span class=\"s2\"><b>efetuar\u00e1 a troca do produto adquirido por seus Clientes de acordo com o C\u00f3digo de defesa do consumidor.\u00a0<\/b><\/span><\/p>\r\n<p class=\"p11\"><span class=\"s2\">O Cliente poder\u00e1 devolver ou trocar o produto se identificar defeito t\u00e9cnico ou de fabrica\u00e7\u00e3o, devendo o cliente comunicar nossa central de atendimento e seguir as instru\u00e7\u00f5es recebidas para que o pedido de devolu\u00e7\u00e3o ou troca seja analisado e processado.\u00a0<\/span><\/p>\r\n<p class=\"p28\"><span class=\"s8\">Caso identificado o defeito t\u00e9cnico ou de fabrica\u00e7\u00e3o, no prazo de at\u00e9<\/span><span class=\"s6\">\u00a030 (trinta)\u00a0dias corridos<\/span><span class=\"s2\"><b>, contados da data de recebimento do produto e ele estiver dentro das condi\u00e7\u00f5es descritas abaixo, o cliente poder\u00e1 optar pelo:\u00a0<\/b><\/span><\/p>\r\n<p class=\"p11\"><span class=\"s2\">a) Envio de produto id\u00eantico, de mesma marca, modelo e vers\u00e3o e sem custo adicional;<\/span><\/p>\r\n<p class=\"p11\"><span class=\"s2\">b) Emiss\u00e3o de Vale Compras no valor do produto, para utilizar em compras na loja virtual;<\/span><\/p>\r\n<p class=\"p28\"><span class=\"s8\">c) Estorno do valor da compra, o<\/span><span class=\"s2\"><b>u seja, pre\u00e7o do produto e do frete.\u00a0\u00a0<\/b><\/span><\/p>\r\n<p class=\"p11\"><span class=\"s2\">Caso o cliente receba o produto diferente ao adquirido, o cliente dever\u00e1 recusar a entrega, ou caso tiver recebido, solicitar a troca do produto em at\u00e9<\/span><span class=\"s9\">\u00a07(sete) dias corridos,\u00a0a contar da data de recebimento.\u00a0<\/span><\/p>\r\n<p class=\"p30\"><span class=\"s2\"><b>Condi\u00e7\u00f5es para devolu\u00e7\u00e3o de valores<\/b><\/span><\/p>\r\n<p class=\"p32\"><span class=\"s10\">Em caso de cancelamento da compra, a\u00a0Smart Fort Acess\u00f3rios e Eletr\u00f4nicos <\/span><span class=\"s2\"><b>providenciar\u00e1 a devolu\u00e7\u00e3o dos valores ao Cliente de acordo com o meio de pagamento utilizado.\u00a0<\/b><\/span><\/p>\r\n<p class=\"p33\"><span class=\"s11\"><b>Se o pagamento foi realizado por cart\u00e3o de cr\u00e9dito, a\u00a0<\/b><\/span><span class=\"s10\">Smart Fort Acess\u00f3rios e Eletr\u00f4nicos acionar\u00e1<\/span><span class=\"s2\"><b> a administradora de cart\u00e3o de cr\u00e9dito, em at\u00e9 72 horas, ap\u00f3s o recebimento da solicita\u00e7\u00e3o de estorno enviada pelo cliente.\u00a0<\/b><\/span><\/p>\r\n<p class=\"p34\"><span class=\"s2\">O prazo de efetiva\u00e7\u00e3o do estorno ao Cliente \u00e9 de exclusiva responsabilidade da administradora do cart\u00e3o podendo ocorrer em at\u00e9 2(duas) faturas posteriores.<\/span><\/p>\r\n<p class=\"p35\"><span class=\"s2\">Se o pagamento foi realizado por boleto a devolu\u00e7\u00e3o ser\u00e1 efetuada por meio de dep\u00f3sito banc\u00e1rio, em at\u00e9 10 (dez) dias \u00fateis, a contar do recebimento do produto pela\u00a0Smart Fort Acess\u00f3rios e Eletr\u00f4nicos.\u00a0<\/span><\/p>\r\n<p class=\"p32\"><span class=\"s2\"><b>N\u00e3o ser\u00e1 concedido cr\u00e9dito para terceiros. O CPF do titular da conta corrente dever\u00e1 ser o mesmo CPF constante no pedido.\u00a0<\/b><\/span><\/p>\r\n<p class=\"p37\"><span class=\"s2\">\u00a0Segue os dados da nossa Central de Atendimento.\u00a0<\/span><\/p>\r\n<p class=\"p6\"><span class=\"s1\">FORMA DE PAGAMENTO<\/span><\/p>\r\n<p class=\"p11\"><span class=\"s2\">Cart\u00e3o de Cr\u00e9dito<\/span><\/p>\r\n<p class=\"p8\"><span class=\"s2\">A\u00a0<\/span><span class=\"s12\"><b>Smart Fort Acess\u00f3rios e Eletr\u00f4nicos <\/b><\/span><span class=\"s2\">disponibiliza as bandeiras Visa, Mastercard, Amex e Diners para pagamento em cart\u00e3o de cr\u00e9dito. \u00c9 importante verificar o saldo de seu cart\u00e3o antes de realizar a compra.\u00a0<\/span><\/p>\r\n<p class=\"p8\"><span class=\"s13\">As compras poder\u00e3o ser<\/span><span class=\"s2\">\u00a0parceladas em at\u00e9 10 vezes sem juros.<\/span><\/p>\r\n<ul class=\"ul1\">\r\n<li class=\"li38\">\u00a0<\/li>\r\n<\/ul>\r\n<p class=\"p8\"><span class=\"s14\"><br \/><\/span><span class=\"s2\">Contamos com o apoio do PagSeguro especializados em checagem de dados para garantir a seguran\u00e7a de nossos clientes em todos os processos da transa\u00e7\u00e3o da compra.\u00a0 Caso encontremos algum dado divergente, nossa equipe entrar\u00e1 em contato com o respons\u00e1vel pela conta.<\/span><\/p>\r\n<p class=\"p8\"><span class=\"s2\">O prazo de entrega \u00e9 contato a partir da data de aprova\u00e7\u00e3o da an\u00e1lise de cr\u00e9dito.<\/span><\/p>\r\n<p class=\"p8\"><span class=\"s2\">O PagSeguro garante a seguran\u00e7a dos processos da transa\u00e7\u00e3o da compra, por meio de sistemas avan\u00e7ados de criptografia enquanto s\u00e3o enviados e mantidos em sigilo em servidores de seguran\u00e7a, conforme pol\u00edtica do PagSeguro.\u00a0<\/span><\/p>\r\n<p class=\"p8\"><span class=\"s2\">Todos os dados financeiros do cliente s\u00e3o administrados pelo PagSeguro e nenhuma informa\u00e7\u00e3o desta natureza \u00e9 operada pela\u00a0Smart Fort Acess\u00f3rios e Eletr\u00f4nicos.\u00a0<\/span><\/p>\r\n<p class=\"p40\"><span class=\"s2\">Boleto Banc\u00e1rio<\/span><\/p>\r\n<p class=\"p8\"><span class=\"s2\">O prazo do boleto banc\u00e1rio \u00e9 de 1(um) dia \u00fatil e o seu pagamento dever\u00e1 ser \u00e0 vista, em parcela \u00fanica e no valor total da compra realizada.\u00a0<\/span><\/p>\r\n<p class=\"p8\"><span class=\"s2\">A confirma\u00e7\u00e3o do recebimento do valor ocorrer\u00e1 em at\u00e9 2 (dois) dias \u00fateis a contar do vencimento do boleto banc\u00e1rio.<\/span><\/p>\r\n<p class=\"p8\"><span class=\"s2\">O pedido prosseguir\u00e1 para o fluxo de envio ap\u00f3s a confirma\u00e7\u00e3o do recebimento do pagamento pela\u00a0Smart Fort Acess\u00f3rios e Eletr\u00f4nicos.\u00a0<\/span><\/p>\r\n<p class=\"p8\"><span class=\"s2\">O pedido ser\u00e1 automaticamente cancelado em caso de n\u00e3o pagamento com valor diferente do que consta no boleto banc\u00e1rio.\u00a0<\/span><\/p>\r\n<p class=\"p41\"><span class=\"s5\">\u00a0<\/span><span class=\"s2\">Segue os dados da nossa Central de Atendimento.<\/span><\/p>\r\n<p class=\"p43\"><span class=\"s15\">e-mail: <a href=\"mailto:atendimento@smartfort.com.br\"><span class=\"s16\">atendimento@smartfort.com.br<\/span><\/a><\/span><\/p>\r\n<p class=\"p41\"><span class=\"s2\">Telefone: (11) 99983-6990<\/span><\/p>\r\n<p class=\"p41\"><span class=\"s2\">\u00a0<\/span><\/p>","protected":false},"excerpt":{"rendered":"<p>POL\u00cdTICA DE PRIVACIDADE A Pol\u00edtica de Privacidade da Smart Fort Acess\u00f3rios e Eletr\u00f4nicos objetiva demonstrar o compromisso com a seguran\u00e7a e a privacidade das informa\u00e7\u00f5es coletadas por meio de cadastro de usu\u00e1rios neste site. A Smart Fort Acess\u00f3rios e Eletr\u00f4nicos &hellip; <a href=\"https:\/\/loja.femsolucoes.com.br\/?page_id=3\">Readmore<\/a><\/p>\n","protected":false},"author":1,"featured_media":0,"parent":0,"menu_order":0,"comment_status":"closed","ping_status":"open","template":"","meta":{"_acf_changed":false,"_joinchat":[],"footnotes":""},"class_list":["post-3","page","type-page","status-publish","hentry"],"acf":[],"yoast_head":"<!-- This site is optimized with the Yoast SEO plugin v24.6 - https:\/\/yoast.com\/wordpress\/plugins\/seo\/ -->\n<title>Pol\u00edtica de privacidade - Smart Fort<\/title>\n<meta name=\"robots\" content=\"index, follow, max-snippet:-1, max-image-preview:large, max-video-preview:-1\" \/>\n<link rel=\"canonical\" href=\"https:\/\/loja.femsolucoes.com.br\/?page_id=3\" \/>\n<meta property=\"og:locale\" content=\"pt_BR\" \/>\n<meta property=\"og:type\" content=\"article\" \/>\n<meta property=\"og:title\" content=\"Pol\u00edtica de privacidade - Smart Fort\" \/>\n<meta property=\"og:description\" content=\"POL\u00cdTICA DE PRIVACIDADE A Pol\u00edtica de Privacidade da Smart Fort Acess\u00f3rios e Eletr\u00f4nicos objetiva demonstrar o compromisso com a seguran\u00e7a e a privacidade das informa\u00e7\u00f5es coletadas por meio de cadastro de usu\u00e1rios neste site. A Smart Fort Acess\u00f3rios e Eletr\u00f4nicos &hellip; Readmore\" \/>\n<meta property=\"og:url\" content=\"https:\/\/loja.femsolucoes.com.br\/?page_id=3\" \/>\n<meta property=\"og:site_name\" content=\"Smart Fort\" \/>\n<meta property=\"article:modified_time\" content=\"2020-09-23T12:37:56+00:00\" \/>\n<meta name=\"twitter:card\" content=\"summary_large_image\" \/>\n<meta name=\"twitter:label1\" content=\"Est. tempo de leitura\" \/>\n\t<meta name=\"twitter:data1\" content=\"8 minutos\" \/>\n<script type=\"application\/ld+json\" class=\"yoast-schema-graph\">{\"@context\":\"https:\/\/schema.org\",\"@graph\":[{\"@type\":\"WebPage\",\"@id\":\"https:\/\/loja.femsolucoes.com.br\/?page_id=3\",\"url\":\"https:\/\/loja.femsolucoes.com.br\/?page_id=3\",\"name\":\"Pol\u00edtica de privacidade - Smart Fort\",\"isPartOf\":{\"@id\":\"https:\/\/loja.femsolucoes.com.br\/#website\"},\"datePublished\":\"2020-07-15T01:17:29+00:00\",\"dateModified\":\"2020-09-23T12:37:56+00:00\",\"breadcrumb\":{\"@id\":\"https:\/\/loja.femsolucoes.com.br\/?page_id=3#breadcrumb\"},\"inLanguage\":\"pt-BR\",\"potentialAction\":[{\"@type\":\"ReadAction\",\"target\":[\"https:\/\/loja.femsolucoes.com.br\/?page_id=3\"]}]},{\"@type\":\"BreadcrumbList\",\"@id\":\"https:\/\/loja.femsolucoes.com.br\/?page_id=3#breadcrumb\",\"itemListElement\":[{\"@type\":\"ListItem\",\"position\":1,\"name\":\"Home\",\"item\":\"https:\/\/loja.femsolucoes.com.br\/\"},{\"@type\":\"ListItem\",\"position\":2,\"name\":\"Pol\u00edtica de privacidade\"}]},{\"@type\":\"WebSite\",\"@id\":\"https:\/\/loja.femsolucoes.com.br\/#website\",\"url\":\"https:\/\/loja.femsolucoes.com.br\/\",\"name\":\"Smart Fort\",\"description\":\"\",\"potentialAction\":[{\"@type\":\"SearchAction\",\"target\":{\"@type\":\"EntryPoint\",\"urlTemplate\":\"https:\/\/loja.femsolucoes.com.br\/?s={search_term_string}\"},\"query-input\":{\"@type\":\"PropertyValueSpecification\",\"valueRequired\":true,\"valueName\":\"search_term_string\"}}],\"inLanguage\":\"pt-BR\"}]}<\/script>\n<!-- \/ Yoast SEO plugin. -->","yoast_head_json":{"title":"Pol\u00edtica de privacidade - Smart Fort","robots":{"index":"index","follow":"follow","max-snippet":"max-snippet:-1","max-image-preview":"max-image-preview:large","max-video-preview":"max-video-preview:-1"},"canonical":"https:\/\/loja.femsolucoes.com.br\/?page_id=3","og_locale":"pt_BR","og_type":"article","og_title":"Pol\u00edtica de privacidade - Smart Fort","og_description":"POL\u00cdTICA DE PRIVACIDADE A Pol\u00edtica de Privacidade da Smart Fort Acess\u00f3rios e Eletr\u00f4nicos objetiva demonstrar o compromisso com a seguran\u00e7a e a privacidade das informa\u00e7\u00f5es coletadas por meio de cadastro de usu\u00e1rios neste site. A Smart Fort Acess\u00f3rios e Eletr\u00f4nicos &hellip; Readmore","og_url":"https:\/\/loja.femsolucoes.com.br\/?page_id=3","og_site_name":"Smart Fort","article_modified_time":"2020-09-23T12:37:56+00:00","twitter_card":"summary_large_image","twitter_misc":{"Est. tempo de leitura":"8 minutos"},"schema":{"@context":"https:\/\/schema.org","@graph":[{"@type":"WebPage","@id":"https:\/\/loja.femsolucoes.com.br\/?page_id=3","url":"https:\/\/loja.femsolucoes.com.br\/?page_id=3","name":"Pol\u00edtica de privacidade - Smart Fort","isPartOf":{"@id":"https:\/\/loja.femsolucoes.com.br\/#website"},"datePublished":"2020-07-15T01:17:29+00:00","dateModified":"2020-09-23T12:37:56+00:00","breadcrumb":{"@id":"https:\/\/loja.femsolucoes.com.br\/?page_id=3#breadcrumb"},"inLanguage":"pt-BR","potentialAction":[{"@type":"ReadAction","target":["https:\/\/loja.femsolucoes.com.br\/?page_id=3"]}]},{"@type":"BreadcrumbList","@id":"https:\/\/loja.femsolucoes.com.br\/?page_id=3#breadcrumb","itemListElement":[{"@type":"ListItem","position":1,"name":"Home","item":"https:\/\/loja.femsolucoes.com.br\/"},{"@type":"ListItem","position":2,"name":"Pol\u00edtica de privacidade"}]},{"@type":"WebSite","@id":"https:\/\/loja.femsolucoes.com.br\/#website","url":"https:\/\/loja.femsolucoes.com.br\/","name":"Smart Fort","description":"","potentialAction":[{"@type":"SearchAction","target":{"@type":"EntryPoint","urlTemplate":"https:\/\/loja.femsolucoes.com.br\/?s={search_term_string}"},"query-input":{"@type":"PropertyValueSpecification","valueRequired":true,"valueName":"search_term_string"}}],"inLanguage":"pt-BR"}]}},"_links":{"self":[{"href":"https:\/\/loja.femsolucoes.com.br\/index.php?rest_route=\/wp\/v2\/pages\/3","targetHints":{"allow":["GET"]}}],"collection":[{"href":"https:\/\/loja.femsolucoes.com.br\/index.php?rest_route=\/wp\/v2\/pages"}],"about":[{"href":"https:\/\/loja.femsolucoes.com.br\/index.php?rest_route=\/wp\/v2\/types\/page"}],"author":[{"embeddable":true,"href":"https:\/\/loja.femsolucoes.com.br\/index.php?rest_route=\/wp\/v2\/users\/1"}],"replies":[{"embeddable":true,"href":"https:\/\/loja.femsolucoes.com.br\/index.php?rest_route=%2Fwp%2Fv2%2Fcomments&post=3"}],"version-history":[{"count":1,"href":"https:\/\/loja.femsolucoes.com.br\/index.php?rest_route=\/wp\/v2\/pages\/3\/revisions"}],"predecessor-version":[{"id":5435,"href":"https:\/\/loja.femsolucoes.com.br\/index.php?rest_route=\/wp\/v2\/pages\/3\/revisions\/5435"}],"wp:attachment":[{"href":"https:\/\/loja.femsolucoes.com.br\/index.php?rest_route=%2Fwp%2Fv2%2Fmedia&parent=3"}],"curies":[{"name":"wp","href":"https:\/\/api.w.org\/{rel}","templated":true}]}}